{"id":661,"date":"2021-09-20T08:56:04","date_gmt":"2021-09-20T07:56:04","guid":{"rendered":"https:\/\/malumdypedal.no\/?page_id=661"},"modified":"2025-08-28T12:54:28","modified_gmt":"2025-08-28T11:54:28","slug":"hjemmeside","status":"publish","type":"page","link":"https:\/\/malumdypedal.no\/","title":{"rendered":"Untitled"},"content":{"rendered":"\n<div class=\"wp-block-columns is-layout-flex wp-container-core-columns-is-layout-9d6595d7 wp-block-columns-is-layout-flex\">\n<div class=\"wp-block-column is-layout-flow wp-block-column-is-layout-flow\">\n<figure class=\"wp-block-image size-large\"><img loading=\"lazy\" decoding=\"async\" width=\"638\" height=\"1024\" src=\"https:\/\/malumdypedal.no\/wp-content\/uploads\/2022\/12\/079_DSC0618-638x1024.jpg\" alt=\"Jon Ivar Malum Dypedal\" class=\"wp-image-824\" srcset=\"https:\/\/malumdypedal.no\/wp-content\/uploads\/2022\/12\/079_DSC0618-638x1024.jpg 638w, https:\/\/malumdypedal.no\/wp-content\/uploads\/2022\/12\/079_DSC0618-187x300.jpg 187w, https:\/\/malumdypedal.no\/wp-content\/uploads\/2022\/12\/079_DSC0618-768x1232.jpg 768w, https:\/\/malumdypedal.no\/wp-content\/uploads\/2022\/12\/079_DSC0618-957x1536.jpg 957w, https:\/\/malumdypedal.no\/wp-content\/uploads\/2022\/12\/079_DSC0618-1277x2048.jpg 1277w, https:\/\/malumdypedal.no\/wp-content\/uploads\/2022\/12\/079_DSC0618-1568x2515.jpg 1568w, https:\/\/malumdypedal.no\/wp-content\/uploads\/2022\/12\/079_DSC0618-scaled.jpg 1596w\" sizes=\"auto, (max-width: 638px) 100vw, 638px\" \/><\/figure>\n<\/div>\n\n\n\n<div class=\"wp-block-column is-layout-flow wp-block-column-is-layout-flow\">\n<p><strong>Jon Ivar Malum Dypedal<\/strong><\/p>\n\n\n\n<p><\/p>\n\n\n\n<p><strong>Oslo<\/strong><\/p>\n\n\n\n<p><\/p>\n\n\n\n<p><\/p>\n<\/div>\n<\/div>\n\n\n\n<p><\/p>\n\n\n\n<p><\/p>\n\n\n\n<p class=\"has-text-align-center\"><strong>Det var en gang en finsk som hang og slang i et tre. S\u00e5 kom det en hai sv\u00f8mmende bort &#8220;Hai Hai&#8221; ropte fisken. Haien svarte &#8220;at du t\u00f8rrfisk&#8221;. <\/strong><\/p>\n\n\n\n<div style=\"height:0px\" aria-hidden=\"true\" class=\"wp-block-spacer\"><\/div>\n","protected":false},"excerpt":{"rendered":"<p>Jon Ivar Malum Dypedal Oslo Det var en gang en finsk som hang og slang i et tre. S\u00e5 kom det en hai sv\u00f8mmende bort &#8220;Hai Hai&#8221; ropte fisken. Haien svarte &#8220;at du t\u00f8rrfisk&#8221;.<\/p>\n","protected":false},"author":1,"featured_media":0,"parent":0,"menu_order":0,"comment_status":"closed","ping_status":"closed","template":"elementor_theme","meta":{"footnotes":""},"class_list":["post-661","page","type-page","status-publish","hentry","entry"],"_links":{"self":[{"href":"https:\/\/malumdypedal.no\/index.php?rest_route=\/wp\/v2\/pages\/661","targetHints":{"allow":["GET"]}}],"collection":[{"href":"https:\/\/malumdypedal.no\/index.php?rest_route=\/wp\/v2\/pages"}],"about":[{"href":"https:\/\/malumdypedal.no\/index.php?rest_route=\/wp\/v2\/types\/page"}],"author":[{"embeddable":true,"href":"https:\/\/malumdypedal.no\/index.php?rest_route=\/wp\/v2\/users\/1"}],"replies":[{"embeddable":true,"href":"https:\/\/malumdypedal.no\/index.php?rest_route=%2Fwp%2Fv2%2Fcomments&post=661"}],"version-history":[{"count":52,"href":"https:\/\/malumdypedal.no\/index.php?rest_route=\/wp\/v2\/pages\/661\/revisions"}],"predecessor-version":[{"id":860,"href":"https:\/\/malumdypedal.no\/index.php?rest_route=\/wp\/v2\/pages\/661\/revisions\/860"}],"wp:attachment":[{"href":"https:\/\/malumdypedal.no\/index.php?rest_route=%2Fwp%2Fv2%2Fmedia&parent=661"}],"curies":[{"name":"wp","href":"https:\/\/api.w.org\/{rel}","templated":true}]}}